{"id":12,"date":"2024-12-30T11:47:06","date_gmt":"2024-12-30T11:47:06","guid":{"rendered":"http:\/\/www.eo-sa.pl\/?page_id=12"},"modified":"2024-12-30T11:47:06","modified_gmt":"2024-12-30T11:47:06","slug":"energetyka-odnawialna","status":"publish","type":"page","link":"http:\/\/www.eo-sa.pl\/","title":{"rendered":"ENERGETYKA ODNAWIALNA S.A. z siedzib\u0105 w Warszawie"},"content":{"rendered":"\n<p><br>wpisana do Rejestru Przedsi\u0119biorc\u00f3w Krajowego Rejestru S\u0105dowego prowadzonego przez S\u0105d Rejonowy dla m. st. Warszawy, XII Wydzia\u0142 Gospodarczy KRS pod numerem 0000383983; NIP: 525 250 44 06; REGON: 142902876,<\/p>\n\n\n\n<p>kapita\u0142 zak\u0142adowy 100.000 z\u0142 w ca\u0142o\u015bci op\u0142acony.<\/p>\n\n\n\n<p>Adres:<\/p>\n\n\n\n<p>UL. NARBUTTA 7 \/14<\/p>\n\n\n\n<p>02-564 WARSZAWA<\/p>\n\n\n\n<p>e-mail: biuro@eo-sa.pl<\/p>\n","protected":false},"excerpt":{"rendered":"<p>wpisana do Rejestru Przedsi\u0119biorc\u00f3w Krajowego Rejestru S\u0105dowego prowadzonego przez S\u0105d Rejonowy dla m. st. Warszawy, XII Wydzia\u0142 Gospodarczy KRS pod numerem 0000383983; NIP: 525 250 44 06; REGON: 142902876, kapita\u0142 zak\u0142adowy 100.000 z\u0142 w ca\u0142o\u015bci op\u0142acony. Adres: UL. NARBUTTA 7 \/14 02-564 WARSZAWA e-mail: biuro@eo-sa.pl<\/p>\n","protected":false},"author":1,"featured_media":0,"parent":0,"menu_order":0,"comment_status":"closed","ping_status":"closed","template":"","meta":{"footnotes":""},"class_list":["post-12","page","type-page","status-publish","hentry"],"_links":{"self":[{"href":"http:\/\/www.eo-sa.pl\/index.php\/wp-json\/wp\/v2\/pages\/12","targetHints":{"allow":["GET"]}}],"collection":[{"href":"http:\/\/www.eo-sa.pl\/index.php\/wp-json\/wp\/v2\/pages"}],"about":[{"href":"http:\/\/www.eo-sa.pl\/index.php\/wp-json\/wp\/v2\/types\/page"}],"author":[{"embeddable":true,"href":"http:\/\/www.eo-sa.pl\/index.php\/wp-json\/wp\/v2\/users\/1"}],"replies":[{"embeddable":true,"href":"http:\/\/www.eo-sa.pl\/index.php\/wp-json\/wp\/v2\/comments?post=12"}],"version-history":[{"count":1,"href":"http:\/\/www.eo-sa.pl\/index.php\/wp-json\/wp\/v2\/pages\/12\/revisions"}],"predecessor-version":[{"id":14,"href":"http:\/\/www.eo-sa.pl\/index.php\/wp-json\/wp\/v2\/pages\/12\/revisions\/14"}],"wp:attachment":[{"href":"http:\/\/www.eo-sa.pl\/index.php\/wp-json\/wp\/v2\/media?parent=12"}],"curies":[{"name":"wp","href":"https:\/\/api.w.org\/{rel}","templated":true}]}}